{"id":7939,"date":"2023-04-30T13:35:09","date_gmt":"2023-04-30T11:35:09","guid":{"rendered":"https:\/\/xenorama.com\/?page_id=7939"},"modified":"2025-05-20T21:33:07","modified_gmt":"2025-05-20T19:33:07","slug":"releases","status":"publish","type":"page","link":"https:\/\/xenorama.com\/de\/releases\/","title":{"rendered":"Releases"},"content":{"rendered":"<section class=\"wpb-content-wrapper\">[vc_row full_width=&#8220;stretch_row_content&#8220; gap=&#8220;20&#8243; hide_bg_image_on_tablet=&#8220;&#8220; hide_bg_image_on_mobile=&#8220;&#8220;][vc_column hide_bg_image_on_tablet=&#8220;&#8220; hide_bg_image_on_mobile=&#8220;&#8220; offset=&#8220;vc_hidden-lg vc_hidden-md vc_hidden-sm&#8220;][vc_empty_space height=&#8220;120px&#8220; alter_height=&#8220;none&#8220; hide_on_desktop=&#8220;&#8220; hide_on_notebook=&#8220;&#8220; hide_on_tablet=&#8220;&#8220; hide_on_mobile=&#8220;&#8220;][vc_row_inner][vc_column_inner fix_column=&#8220;1&#8243;][vc_empty_space height=&#8220;40px&#8220; hide_on_desktop=&#8220;&#8220; hide_on_notebook=&#8220;&#8220; hide_on_tablet=&#8220;&#8220; hide_on_mobile=&#8220;&#8220;][vc_column_text]\n<h3>High Fidelity Ambient Sessions<\/h3>\n[\/vc_column_text][vc_separator color=&#8220;white&#8220; border_width=&#8220;2&#8243; css=&#8220;.vc_custom_1622801688214{margin-top: 2em !important;margin-bottom: 3em !important;}&#8220;][vc_column_text]Lange Zeit verschollen und nun wiederentdeckt und fortgesetzt! Willkommen in der Welt der High Fidelity Ambient Sessions, einer kontinuierlichen Mixtape-Reihe mit einer einzigartigen Mischung aus zeitgen\u00f6ssischem Downtempo, Ambient, Psy Lounge und Drone Music. Die 2012 gestartete Reihe ist einer der fr\u00fchen Anf\u00e4nge von Xenorama und hat sich seitdem zu einer abwechslungsreichen klanglichen Reise entwickelt, die die Tiefen organisch-elektronischer Klangwelten und Poesie erforscht.<\/p>\n<p>In ihrem Wesen ist High Fidelity Ambient Sessions ein Zeugnis f\u00fcr die Kunst der Musikkuration. Die sorgf\u00e4ltige Auswahl und Schichtung von Soundlandschaften entf\u00fchren den H\u00f6rer in ein Paralleluniversum hypnotisierender Frequenzen.<\/p>\n<p>Jedes Mixtape der Serie ist 80 Minuten lang und bietet ein einzigartiges H\u00f6rerlebnis, das dazu einl\u00e4dt, dem Alltag zu entfliehen und sich in eine Welt der akustischen Erz\u00e4hlung zu versenken.[\/vc_column_text][vc_empty_space height=&#8220;40px&#8220; alter_height=&#8220;none&#8220; hide_on_desktop=&#8220;&#8220; hide_on_notebook=&#8220;&#8220; hide_on_tablet=&#8220;&#8220; hide_on_mobile=&#8220;&#8220;][vc_wp_text]<iframe loading=\"lazy\" src=\"https:\/\/www.mixcloud.com\/widget\/iframe\/?hide_cover=1&amp;feed=%2Foni-shogun%2Findish%C4%81r%2F\" width=\"100%\" height=\"120\" frameborder=\"0\"><\/iframe><\/p>\n<p><iframe loading=\"lazy\" src=\"https:\/\/www.mixcloud.com\/widget\/iframe\/?hide_cover=1&amp;feed=%2Foni-shogun%2Fsilver-lining%2F\" width=\"100%\" height=\"120\" frameborder=\"0\"><\/iframe><\/p>\n<p><iframe loading=\"lazy\" src=\"https:\/\/www.mixcloud.com\/widget\/iframe\/?hide_cover=1&amp;feed=%2Foni-shogun%2Fmetembodiments%2F\" width=\"100%\" height=\"120\" frameborder=\"0\"><\/iframe><\/p>\n<p><iframe loading=\"lazy\" src=\"https:\/\/www.mixcloud.com\/widget\/iframe\/?hide_cover=1&amp;feed=%2Foni-shogun%2Ftaliru-inam%2F\" width=\"100%\" height=\"120\" frameborder=\"0\"><\/iframe><\/p>\n<p><iframe loading=\"lazy\" src=\"https:\/\/www.mixcloud.com\/widget\/iframe\/?hide_cover=1&amp;feed=%2Foni-shogun%2Fkangastus%2F\" width=\"100%\" height=\"120\" frameborder=\"0\"><\/iframe><\/p>\n<p><iframe loading=\"lazy\" src=\"https:\/\/www.mixcloud.com\/widget\/iframe\/?hide_cover=1&amp;feed=%2Foni-shogun%2Fgnorisma-torm%2F\" width=\"100%\" height=\"120\" frameborder=\"0\"><\/iframe><\/p>\n<p><iframe loading=\"lazy\" src=\"https:\/\/www.mixcloud.com\/widget\/iframe\/?hide_cover=1&amp;feed=%2Foni-shogun%2Falma-magma-xenorama%2F\" width=\"100%\" height=\"120\" frameborder=\"0\"><\/iframe>[\/vc_wp_text][\/vc_column_inner][\/vc_row_inner][vc_empty_space height=&#8220;100px&#8220; alter_height=&#8220;none&#8220; hide_on_desktop=&#8220;&#8220; hide_on_notebook=&#8220;&#8220; hide_on_tablet=&#8220;&#8220; hide_on_mobile=&#8220;&#8220;][\/vc_column][\/vc_row][vc_row gap=&#8220;20&#8243; hide_bg_image_on_tablet=&#8220;&#8220; hide_bg_image_on_mobile=&#8220;&#8220;][vc_column hide_bg_image_on_tablet=&#8220;&#8220; hide_bg_image_on_mobile=&#8220;&#8220; offset=&#8220;vc_hidden-xs&#8220;][vc_empty_space height=&#8220;120px&#8220; alter_height=&#8220;none&#8220; hide_on_desktop=&#8220;&#8220; hide_on_notebook=&#8220;&#8220; hide_on_tablet=&#8220;&#8220; hide_on_mobile=&#8220;&#8220;][vc_row_inner][vc_column_inner width=&#8220;1\/3&#8243; fix_column=&#8220;1&#8243;][vc_empty_space height=&#8220;40px&#8220; hide_on_desktop=&#8220;&#8220; hide_on_notebook=&#8220;&#8220; hide_on_tablet=&#8220;&#8220; hide_on_mobile=&#8220;&#8220;][vc_column_text]\n<h3>High Fidelity Ambient Sessions<\/h3>\n[\/vc_column_text][vc_separator color=&#8220;white&#8220; border_width=&#8220;2&#8243; css=&#8220;.vc_custom_1622801688214{margin-top: 2em !important;margin-bottom: 3em !important;}&#8220;][vc_column_text]Lange Zeit verschollen und nun wiederentdeckt und fortgesetzt! Willkommen in der Welt der High Fidelity Ambient Sessions, einer kontinuierlichen Mixtape-Reihe mit einer einzigartigen Mischung aus zeitgen\u00f6ssischem Downtempo, Ambient, Psy Lounge und Drone Music. Die 2012 gestartete Reihe ist einer der fr\u00fchen Anf\u00e4nge von Xenorama und hat sich seitdem zu einer abwechslungsreichen klanglichen Reise entwickelt, die die Tiefen organisch-elektronischer Klangwelten und Poesie erforscht.<\/p>\n<p>In ihrem Wesen ist High Fidelity Ambient Sessions ein Zeugnis f\u00fcr die Kunst der Musikkuration. Die sorgf\u00e4ltige Auswahl und Schichtung von Soundlandschaften entf\u00fchren den H\u00f6rer in ein Paralleluniversum hypnotisierender Frequenzen.<\/p>\n<p>Jedes Mixtape der Serie ist 80 Minuten lang und bietet ein einzigartiges H\u00f6rerlebnis, das dazu einl\u00e4dt, dem Alltag zu entfliehen und sich in eine Welt der akustischen Erz\u00e4hlung zu versenken.[\/vc_column_text][\/vc_column_inner][vc_column_inner width=&#8220;2\/3&#8243;][vc_empty_space height=&#8220;40px&#8220; hide_on_desktop=&#8220;&#8220; hide_on_notebook=&#8220;&#8220; hide_on_tablet=&#8220;&#8220; hide_on_mobile=&#8220;&#8220;][vc_wp_text]<iframe loading=\"lazy\" src=\"https:\/\/www.mixcloud.com\/widget\/iframe\/?hide_cover=1&amp;feed=%2Foni-shogun%2Findish%C4%81r%2F\" width=\"100%\" height=\"120\" frameborder=\"0\"><\/iframe><\/p>\n<p><iframe loading=\"lazy\" src=\"https:\/\/www.mixcloud.com\/widget\/iframe\/?hide_cover=1&amp;feed=%2Foni-shogun%2Fsilver-lining%2F\" width=\"100%\" height=\"120\" frameborder=\"0\"><\/iframe><\/p>\n<p><iframe loading=\"lazy\" src=\"https:\/\/www.mixcloud.com\/widget\/iframe\/?hide_cover=1&amp;feed=%2Foni-shogun%2Fmetembodiments%2F\" width=\"100%\" height=\"120\" frameborder=\"0\"><\/iframe><\/p>\n<p><iframe loading=\"lazy\" src=\"https:\/\/www.mixcloud.com\/widget\/iframe\/?hide_cover=1&amp;feed=%2Foni-shogun%2Ftaliru-inam%2F\" width=\"100%\" height=\"120\" frameborder=\"0\"><\/iframe><\/p>\n<p><iframe loading=\"lazy\" src=\"https:\/\/www.mixcloud.com\/widget\/iframe\/?hide_cover=1&amp;feed=%2Foni-shogun%2Fkangastus%2F\" width=\"100%\" height=\"120\" frameborder=\"0\"><\/iframe><\/p>\n<p><iframe loading=\"lazy\" src=\"https:\/\/www.mixcloud.com\/widget\/iframe\/?hide_cover=1&amp;feed=%2Foni-shogun%2Fgnorisma-torm%2F\" width=\"100%\" height=\"120\" frameborder=\"0\"><\/iframe><\/p>\n<p><iframe loading=\"lazy\" src=\"https:\/\/www.mixcloud.com\/widget\/iframe\/?hide_cover=1&amp;feed=%2Foni-shogun%2Falma-magma-xenorama%2F\" width=\"100%\" height=\"120\" frameborder=\"0\"><\/iframe>[\/vc_wp_text][\/vc_column_inner][\/vc_row_inner][vc_empty_space height=&#8220;100px&#8220; alter_height=&#8220;none&#8220; hide_on_desktop=&#8220;&#8220; hide_on_notebook=&#8220;&#8220; hide_on_tablet=&#8220;&#8220; hide_on_mobile=&#8220;&#8220;][\/vc_column][\/vc_row]\n<\/section>","protected":false},"excerpt":{"rendered":"<p>[vc_row full_width=&#8220;stretch_row_content&#8220; gap=&#8220;20&#8243; hide_bg_image_on_tablet=&#8220;&#8220; hide_bg_image_on_mobile=&#8220;&#8220;][vc_column hide_bg_image_on_tablet=&#8220;&#8220; hide_bg_image_on_mobile=&#8220;&#8220; offset=&#8220;vc_hidden-lg vc_hidden-md vc_hidden-sm&#8220;][vc_empty_space height=&#8220;120px&#8220; alter_height=&#8220;none&#8220; hide_on_desktop=&#8220;&#8220; hide_on_notebook=&#8220;&#8220; hide_on_tablet=&#8220;&#8220; hide_on_mobile=&#8220;&#8220;][vc_row_inner][vc_column_inner fix_column=&#8220;1&#8243;][vc_empty_space height=&#8220;40px&#8220; hide_on_desktop=&#8220;&#8220; hide_on_notebook=&#8220;&#8220; hide_on_tablet=&#8220;&#8220; hide_on_mobile=&#8220;&#8220;][vc_column_text] High Fidelity&hellip;<\/p>\n","protected":false},"author":5,"featured_media":0,"parent":0,"menu_order":0,"comment_status":"closed","ping_status":"closed","template":"","meta":{"footnotes":""},"class_list":["post-7939","page","type-page","status-publish","hentry"],"translation":{"provider":"WPGlobus","version":"3.0.2","language":"de","enabled_languages":["en","de"],"languages":{"en":{"title":true,"content":true,"excerpt":false},"de":{"title":true,"content":true,"excerpt":false}}},"yoast_head":"<!-- This site is optimized with the Yoast SEO plugin v26.8 - https:\/\/yoast.com\/product\/yoast-seo-wordpress\/ -->\n<title>Releases | Xenorama<\/title>\n<meta name=\"robots\" content=\"index, follow, max-snippet:-1, max-image-preview:large, max-video-preview:-1\" \/>\n<link rel=\"canonical\" href=\"https:\/\/xenorama.com\/releases\/\" \/>\n<meta property=\"og:locale\" content=\"de_DE\" \/>\n<meta property=\"og:type\" content=\"article\" \/>\n<meta property=\"og:title\" content=\"Releases | Xenorama\" \/>\n<meta property=\"og:url\" content=\"https:\/\/xenorama.com\/releases\/\" \/>\n<meta property=\"og:site_name\" content=\"Xenorama\" \/>\n<meta property=\"article:publisher\" content=\"https:\/\/www.facebook.com\/xenorama.collective\/\" \/>\n<meta property=\"article:modified_time\" content=\"2025-05-20T19:33:07+00:00\" \/>\n<meta name=\"twitter:card\" content=\"summary_large_image\" \/>\n<meta name=\"twitter:label1\" content=\"Gesch\u00e4tzte Lesezeit\" \/>\n\t<meta name=\"twitter:data1\" content=\"2\u00a0Minuten\" \/>\n<!-- \/ Yoast SEO plugin. -->","yoast_head_json":{"title":"Releases | Xenorama","robots":{"index":"index","follow":"follow","max-snippet":"max-snippet:-1","max-image-preview":"max-image-preview:large","max-video-preview":"max-video-preview:-1"},"canonical":"https:\/\/xenorama.com\/releases\/","og_locale":"de_DE","og_type":"article","og_title":"Releases | Xenorama","og_url":"https:\/\/xenorama.com\/releases\/","og_site_name":"Xenorama","article_publisher":"https:\/\/www.facebook.com\/xenorama.collective\/","article_modified_time":"2025-05-20T19:33:07+00:00","twitter_card":"summary_large_image","twitter_misc":{"Gesch\u00e4tzte Lesezeit":"2\u00a0Minuten"},"schema":{"@context":"https:\/\/schema.org","@graph":[{"@type":"WebPage","@id":"https:\/\/xenorama.com\/releases\/","url":"https:\/\/xenorama.com\/releases\/","name":"Releases | Xenorama","isPartOf":{"@id":"https:\/\/xenorama.com\/#website"},"datePublished":"2023-04-30T11:35:09+00:00","dateModified":"2025-05-20T19:33:07+00:00","breadcrumb":{"@id":"https:\/\/xenorama.com\/releases\/#breadcrumb"},"inLanguage":"de","potentialAction":[{"@type":"ReadAction","target":["https:\/\/xenorama.com\/releases\/"]}]},{"@type":"BreadcrumbList","@id":"https:\/\/xenorama.com\/releases\/#breadcrumb","itemListElement":[{"@type":"ListItem","position":1,"name":"Startseite","item":"https:\/\/xenorama.com\/"},{"@type":"ListItem","position":2,"name":"Releases"}]},{"@type":"WebSite","@id":"https:\/\/xenorama.com\/#website","url":"https:\/\/xenorama.com\/","name":"Xenorama","description":"Studio f\u00fcr audio-visuelle Kunst","publisher":{"@id":"https:\/\/xenorama.com\/#organization"},"potentialAction":[{"@type":"SearchAction","target":{"@type":"EntryPoint","urlTemplate":"https:\/\/xenorama.com\/?s={search_term_string}"},"query-input":{"@type":"PropertyValueSpecification","valueRequired":true,"valueName":"search_term_string"}}],"inLanguage":"de"},{"@type":"Organization","@id":"https:\/\/xenorama.com\/#organization","name":"Xenorama - Studio for audiovisual Art","url":"https:\/\/xenorama.com\/","logo":{"@type":"ImageObject","inLanguage":"de","@id":"https:\/\/xenorama.com\/#\/schema\/logo\/image\/","url":"https:\/\/xenorama.com\/wp-content\/uploads\/2020\/04\/Logo_xenorama-studio_01_TITLE-ONLY_WHITE_500px.png","contentUrl":"https:\/\/xenorama.com\/wp-content\/uploads\/2020\/04\/Logo_xenorama-studio_01_TITLE-ONLY_WHITE_500px.png","width":500,"height":80,"caption":"Xenorama - Studio for audiovisual Art"},"image":{"@id":"https:\/\/xenorama.com\/#\/schema\/logo\/image\/"},"sameAs":["https:\/\/www.facebook.com\/xenorama.collective\/","http:\/\/instagram.com\/xenorama.studio\/","https:\/\/www.youtube.com\/channel\/UCme1_Q96NJ3AvCt7hsIKEiw"]}]}},"_links":{"self":[{"href":"https:\/\/xenorama.com\/de\/wp-json\/wp\/v2\/pages\/7939","targetHints":{"allow":["GET"]}}],"collection":[{"href":"https:\/\/xenorama.com\/de\/wp-json\/wp\/v2\/pages"}],"about":[{"href":"https:\/\/xenorama.com\/de\/wp-json\/wp\/v2\/types\/page"}],"author":[{"embeddable":true,"href":"https:\/\/xenorama.com\/de\/wp-json\/wp\/v2\/users\/5"}],"replies":[{"embeddable":true,"href":"https:\/\/xenorama.com\/de\/wp-json\/wp\/v2\/comments?post=7939"}],"version-history":[{"count":10,"href":"https:\/\/xenorama.com\/de\/wp-json\/wp\/v2\/pages\/7939\/revisions"}],"predecessor-version":[{"id":8793,"href":"https:\/\/xenorama.com\/de\/wp-json\/wp\/v2\/pages\/7939\/revisions\/8793"}],"wp:attachment":[{"href":"https:\/\/xenorama.com\/de\/wp-json\/wp\/v2\/media?parent=7939"}],"curies":[{"name":"wp","href":"https:\/\/api.w.org\/{rel}","templated":true}]}}